{"id":477,"date":"2023-09-29T18:27:04","date_gmt":"2023-09-29T15:27:04","guid":{"rendered":"https:\/\/bitdefender.com.tr\/store\/?post_type=product&#038;p=477"},"modified":"2026-01-23T14:57:38","modified_gmt":"2026-01-23T11:57:38","slug":"bitdefender-mobile-security-for-android","status":"publish","type":"product","link":"https:\/\/bitdefender.com.tr\/store\/product\/bitdefender-mobile-security-for-android\/","title":{"rendered":"Bitdefender Mobile Security for Android"},"content":{"rendered":"<p><strong>Bitdefender Mobile Security for Android<\/strong><\/p>\n<p><strong>Bitdefender Mobile Security for Android, mobil cihazlar\u0131n\u0131za vir\u00fcslere ve k\u00f6t\u00fc ama\u00e7l\u0131 yaz\u0131l\u0131mlara kar\u015f\u0131 mutlak koruma sa\u011flar.<\/strong><\/p>\n<ul>\n<li>Sizi ba\u011flant\u0131 tabanl\u0131 mobil doland\u0131r\u0131c\u0131l\u0131klar\u0131n kurban\u0131 olmaktan korur GEL\u0130\u015eT\u0130R\u0130LM\u0130\u015e<\/li>\n<li>\u0130nternette gezinirken h\u0131zl\u0131, anonim ve g\u00fcvenli bir deneyim i\u00e7in g\u00fcvenli VPN &#8211; 200 MB\/g\u00fcn GEL\u0130\u015eT\u0130R\u0130LM\u0130\u015e<\/li>\n<li>Kay\u0131p veya \u00e7al\u0131nt\u0131 durumunda Android cihaz\u0131n\u0131z\u0131 uzaktan bulun, kilitleyin ve silin<\/li>\n<li>E-posta hesab\u0131n\u0131z\u0131n ihlal edilip edilmedi\u011fini do\u011frulayan; Hesap Gizlili\u011fi<\/li>\n<li>Pil \u00f6mr\u00fc \u00fczerinde minimum etki<\/li>\n<\/ul>\n<p><strong>Bitdefender MOBILE SECURITY for Android Sistem Gereksinimleri<\/strong><\/p>\n<p>\u0130\u015fletim Sistemi: Android 5.0 ve \u00fcst\u00fc, Scam Alert ve App Anomaly Detection i\u00e7in Android 6 veya \u00fcst\u00fc gerekir. Aktif bir \u0130nternet ba\u011flant\u0131s\u0131.<\/p>\n","protected":false},"excerpt":{"rendered":"<p>Bitdefender Mobile Security for Android Bitdefender Mobile Security for Android, mobil cihazlar\u0131n\u0131za vir\u00fcslere ve k\u00f6t\u00fc ama\u00e7l\u0131 yaz\u0131l\u0131mlara kar\u015f\u0131 mutlak koruma sa\u011flar. Sizi ba\u011flant\u0131 tabanl\u0131 mobil doland\u0131r\u0131c\u0131l\u0131klar\u0131n kurban\u0131 olmaktan korur GEL\u0130\u015eT\u0130R\u0130LM\u0130\u015e \u0130nternette gezinirken h\u0131zl\u0131, anonim ve g\u00fcvenli bir deneyim i\u00e7in g\u00fcvenli VPN &#8211; 200 MB\/g\u00fcn GEL\u0130\u015eT\u0130R\u0130LM\u0130\u015e Kay\u0131p veya \u00e7al\u0131nt\u0131 durumunda Android cihaz\u0131n\u0131z\u0131 uzaktan bulun, kilitleyin ve [&hellip;]<\/p>\n","protected":false},"featured_media":220,"comment_status":"open","ping_status":"closed","template":"","meta":[],"product_brand":[],"product_cat":[70],"product_tag":[],"class_list":{"0":"post-477","1":"product","2":"type-product","3":"status-publish","4":"has-post-thumbnail","6":"product_cat-bireysel-antivirus","8":"first","9":"instock","10":"sale","11":"taxable","12":"shipping-taxable","13":"purchasable","14":"product-type-variable","15":"has-default-attributes"},"_links":{"self":[{"href":"https:\/\/bitdefender.com.tr\/store\/wp-json\/wp\/v2\/product\/477","targetHints":{"allow":["GET"]}}],"collection":[{"href":"https:\/\/bitdefender.com.tr\/store\/wp-json\/wp\/v2\/product"}],"about":[{"href":"https:\/\/bitdefender.com.tr\/store\/wp-json\/wp\/v2\/types\/product"}],"replies":[{"embeddable":true,"href":"https:\/\/bitdefender.com.tr\/store\/wp-json\/wp\/v2\/comments?post=477"}],"wp:featuredmedia":[{"embeddable":true,"href":"https:\/\/bitdefender.com.tr\/store\/wp-json\/wp\/v2\/media\/220"}],"wp:attachment":[{"href":"https:\/\/bitdefender.com.tr\/store\/wp-json\/wp\/v2\/media?parent=477"}],"wp:term":[{"taxonomy":"product_brand","embeddable":true,"href":"https:\/\/bitdefender.com.tr\/store\/wp-json\/wp\/v2\/product_brand?post=477"},{"taxonomy":"product_cat","embeddable":true,"href":"https:\/\/bitdefender.com.tr\/store\/wp-json\/wp\/v2\/product_cat?post=477"},{"taxonomy":"product_tag","embeddable":true,"href":"https:\/\/bitdefender.com.tr\/store\/wp-json\/wp\/v2\/product_tag?post=477"}],"curies":[{"name":"wp","href":"https:\/\/api.w.org\/{rel}","templated":true}]}}