{"id":418,"date":"2023-09-29T18:26:47","date_gmt":"2023-09-29T15:26:47","guid":{"rendered":"https:\/\/bitdefender.com.tr\/store\/?post_type=product&#038;p=418"},"modified":"2026-01-23T14:57:38","modified_gmt":"2026-01-23T11:57:38","slug":"bitdefender-internet-security","status":"publish","type":"product","link":"https:\/\/bitdefender.com.tr\/store\/product\/bitdefender-internet-security\/","title":{"rendered":"Bitdefender Internet Security"},"content":{"rendered":"<p><strong>Bitdefender Internet Security<\/strong><\/p>\n<p><strong>Windows PC&#8217;lerde t\u00fcm \u0130nternet tehditlerine kar\u015f\u0131 en iyi g\u00fcvenlik.<\/strong><\/p>\n<ul>\n<li>T\u00fcm \u0130nternet tehditlerini uzak tutmak i\u00e7in rakipsiz tehdit alg\u0131lama.<\/li>\n<li>\u0130zinsiz giri\u015fleri engellemek ve a\u011f trafi\u011finizi filtrelemek i\u00e7in gizlilik g\u00fcvenlik duvar\u0131<\/li>\n<li>Gizlice dinlemeyi \u00f6nlemek i\u00e7in web kameras\u0131 ve mikrofon korumas\u0131<\/li>\n<li>Tam \u00e7evrimi\u00e7i gizlilik i\u00e7in g\u00fcvenli VPN, 200 MB\/g\u00fcn\/cihaz GEL\u0130\u015eT\u0130R\u0130LM\u0130\u015e<\/li>\n<\/ul>\n<p><strong>Bitdefender INTERNET SECURITY Sistem Gereksinimleri<\/strong><\/p>\n<p>\u0130\u015fletim Sistemi:Service Pack 1 ile Windows 7, Windows 8.1, Windows 10 ve Windows 11; Bellek (RAM): 2 GB; Kullan\u0131labilir bo\u015f sabit disk alan\u0131: 2.5 GB bo\u015f alan *Eski nesil CPU&#8217;lara sahip cihazlarda sistem performans\u0131 etkilenebilir. Yaz\u0131l\u0131m Greksinimleri: Internet Explorer 11 s\u00fcr\u00fcm\u00fc<\/p>\n","protected":false},"excerpt":{"rendered":"<p>Bitdefender Internet Security Windows PC&#8217;lerde t\u00fcm \u0130nternet tehditlerine kar\u015f\u0131 en iyi g\u00fcvenlik. T\u00fcm \u0130nternet tehditlerini uzak tutmak i\u00e7in rakipsiz tehdit alg\u0131lama. \u0130zinsiz giri\u015fleri engellemek ve a\u011f trafi\u011finizi filtrelemek i\u00e7in gizlilik g\u00fcvenlik duvar\u0131 Gizlice dinlemeyi \u00f6nlemek i\u00e7in web kameras\u0131 ve mikrofon korumas\u0131 Tam \u00e7evrimi\u00e7i gizlilik i\u00e7in g\u00fcvenli VPN, 200 MB\/g\u00fcn\/cihaz GEL\u0130\u015eT\u0130R\u0130LM\u0130\u015e Bitdefender INTERNET SECURITY Sistem Gereksinimleri [&hellip;]<\/p>\n","protected":false},"featured_media":214,"comment_status":"open","ping_status":"closed","template":"","meta":[],"product_brand":[],"product_cat":[70],"product_tag":[],"class_list":{"0":"post-418","1":"product","2":"type-product","3":"status-publish","4":"has-post-thumbnail","6":"product_cat-bireysel-antivirus","8":"first","9":"instock","10":"sale","11":"taxable","12":"shipping-taxable","13":"purchasable","14":"product-type-variable","15":"has-default-attributes"},"_links":{"self":[{"href":"https:\/\/bitdefender.com.tr\/store\/wp-json\/wp\/v2\/product\/418","targetHints":{"allow":["GET"]}}],"collection":[{"href":"https:\/\/bitdefender.com.tr\/store\/wp-json\/wp\/v2\/product"}],"about":[{"href":"https:\/\/bitdefender.com.tr\/store\/wp-json\/wp\/v2\/types\/product"}],"replies":[{"embeddable":true,"href":"https:\/\/bitdefender.com.tr\/store\/wp-json\/wp\/v2\/comments?post=418"}],"wp:featuredmedia":[{"embeddable":true,"href":"https:\/\/bitdefender.com.tr\/store\/wp-json\/wp\/v2\/media\/214"}],"wp:attachment":[{"href":"https:\/\/bitdefender.com.tr\/store\/wp-json\/wp\/v2\/media?parent=418"}],"wp:term":[{"taxonomy":"product_brand","embeddable":true,"href":"https:\/\/bitdefender.com.tr\/store\/wp-json\/wp\/v2\/product_brand?post=418"},{"taxonomy":"product_cat","embeddable":true,"href":"https:\/\/bitdefender.com.tr\/store\/wp-json\/wp\/v2\/product_cat?post=418"},{"taxonomy":"product_tag","embeddable":true,"href":"https:\/\/bitdefender.com.tr\/store\/wp-json\/wp\/v2\/product_tag?post=418"}],"curies":[{"name":"wp","href":"https:\/\/api.w.org\/{rel}","templated":true}]}}