{"id":417,"date":"2023-09-29T18:26:47","date_gmt":"2023-09-29T15:26:47","guid":{"rendered":"https:\/\/bitdefender.com.tr\/store\/?post_type=product&#038;p=417"},"modified":"2026-01-23T14:57:36","modified_gmt":"2026-01-23T11:57:36","slug":"bitdefender-gravityzone-business-security","status":"publish","type":"product","link":"https:\/\/bitdefender.com.tr\/store\/product\/bitdefender-gravityzone-business-security\/","title":{"rendered":"Bitdefender GravityZone Business Security"},"content":{"rendered":"<p><strong>Bitdefender GravityZone Business Security<\/strong><\/p>\n<p><strong>En \u0130yi Koruma \u2013 En \u0130yi Performans<\/strong><\/p>\n<p>GravityZone, ba\u011f\u0131ms\u0131z g\u00fcvenlik testlerinde s\u00fcrekli olarak 1. s\u0131rada yer al\u0131r ve her b\u00fcy\u00fckl\u00fckteki \u015firket i\u00e7in g\u00fcvenilir g\u00fcvenlik sa\u011flar.<\/p>\n<p><strong>Hepsi Bir Arada, Basit G\u00fcvenlik:\u00a0<\/strong>Gerekli minimum teknik becerilerle merkezi y\u00f6netim kolay da\u011f\u0131t\u0131m sa\u011flarken y\u00fcksek performans ve koruma sa\u011flayan, kaynaklar\u0131 verimli kullanan g\u00fcvenlik \u00e7\u00f6z\u00fcm\u00fc. \u0130\u015fletmenizin siber g\u00fcvenlik ihtiya\u00e7lar\u0131n\u0131z\u0131 en iyi \u015fekilde kar\u015f\u0131layarak bulut veya \u015firket i\u00e7inde bar\u0131nd\u0131r\u0131lan y\u00f6netim konsolu aras\u0131nda se\u00e7im yapman\u0131za olanak tan\u0131r.<\/p>\n<p>Bitdefender GravityZone Business Security, kan\u0131tlanm\u0131\u015f makine \u00f6\u011frenimi teknikleri, davran\u0131\u015f analizi ve \u00e7al\u0131\u015fan i\u015flemlerin s\u00fcrekli izlenmesini kullanan bir i\u015f antivir\u00fcs yaz\u0131l\u0131m\u0131ndan \u00e7ok daha fazlas\u0131d\u0131r. Bu \u015fekilde, \u00a0t\u00fcm cihazlar\u0131n\u0131z (masa\u00fcst\u00fc bilgisayarlar, diz\u00fcst\u00fc bilgisayarlar, fiziksel ve sanal sunucular) i\u00e7in kullan\u0131m\u0131 kolay tek bir platformda her t\u00fcr k\u00f6t\u00fc ama\u00e7l\u0131 yaz\u0131l\u0131ma (fidye yaz\u0131l\u0131m\u0131, kimlik av\u0131, s\u0131f\u0131r g\u00fcn sald\u0131r\u0131s\u0131, vir\u00fcsler, casus yaz\u0131l\u0131mlar vb.) kar\u015f\u0131 tam koruma elde edersiniz.<\/p>\n<p><strong>U\u00e7 Noktalar \u0130\u00e7in Katmanl\u0131 Koruma:\u00a0<\/strong>Etkili k\u00f6t\u00fc ama\u00e7l\u0131 yaz\u0131l\u0131m alg\u0131lama ve minimum yanl\u0131\u015f pozitif ile masa\u00fcst\u00fc bilgisayarlar\u0131, diz\u00fcst\u00fc bilgisayarlar\u0131 ve sunucular\u0131 katmanl\u0131 g\u00fcvenlikle koruyun. Bitdefender\u2019\u0131n makine \u00f6\u011frenim modelleri, statik ve dinamik \u00f6zellikler kullan\u0131r ve d\u00fcnya \u00e7ap\u0131nda y\u00fcz milyonlarca u\u00e7 noktadan toplanan milyarlarca temiz ve k\u00f6t\u00fc niyetli dosya \u00f6rne\u011finde s\u00fcrekli olarak geli\u015ftirilir. Bir tehdit alg\u0131land\u0131\u011f\u0131nda; i\u015flemi sonland\u0131rma, karantinaya alma, kald\u0131rma ve k\u00f6t\u00fc niyetli de\u011fi\u015fiklikleri geri alma ile an\u0131nda etkisiz hale getirilir.<\/p>\n<p><strong>Fidye Yaz\u0131l\u0131m\u0131 \u00d6nleme & Azaltma:\u00a0<\/strong>Fidye yaz\u0131l\u0131m\u0131, d\u00fcnya \u00e7ap\u0131ndaki kurulu\u015flar i\u00e7in derin bir endi\u015fe kayna\u011f\u0131d\u0131r. Bitdefender\u2019\u0131n kapsaml\u0131 fidye yaz\u0131l\u0131m\u0131 ara\u015ft\u0131rmas\u0131 ve \u015fifre \u00e7\u00f6z\u00fcc\u00fcleri, kurbanlar\u0131n milyarlarca dolar tasarruf etmesine yard\u0131mc\u0131 oldu. Bitdefender, hem y\u00fcr\u00fctme \u00f6ncesi hem de \u00e7al\u0131\u015fma an\u0131nda yeni fidye yaz\u0131l\u0131m\u0131 modellerini do\u011fru bir \u015fekilde alg\u0131layarak sistemlerinizin en geli\u015fmi\u015f korumaya sahip oldu\u011fu konusunda size g\u00f6n\u00fcl rahatl\u0131\u011f\u0131 sa\u011flar. GravityZone Business Security, orijinal dosyalar\u0131n ger\u00e7ek zamanl\u0131 yedeklenmesini i\u00e7eren ve uzaktan fidye yaz\u0131l\u0131m\u0131 sald\u0131r\u0131lar\u0131n\u0131n ba\u015far\u0131yla izlenmesini ve engellenmesini sa\u011flayan en son fidye yaz\u0131l\u0131m\u0131 azaltma teknolojisini i\u00e7erir.<\/p>\n<p><strong>Kolay Y\u00f6netim i\u00e7in Tek Konsol:\u00a0<\/strong>Bitdefender GravityZone Business Security, t\u00fcm g\u00fcvenlik y\u00f6netimi bile\u015fenleri i\u00e7in tek bir g\u00f6r\u00fcn\u00fcm sa\u011flayan tek bir y\u00f6netim konsolu olan GravityZone Kontrol Merkezi\u2019ne sahiptir. Tek konsol, g\u00fcvenlik olaylar\u0131n\u0131n kolayca izlenebildi\u011fi ve y\u00f6netildi\u011fi ve \u00f6zel sunuculara, ek bak\u0131ma veya daha fazla BT personeline duyulan ihtiyac\u0131 ortadan kald\u0131rd\u0131\u011f\u0131 anlam\u0131na gelir.<\/p>\n<p><strong>Web Tabanl\u0131 G\u00fcvenlik:\u00a0<\/strong>\u00d6zel sunuculara veya daha fazla BT personeline gerek yok \u2013 GravityZone Business Security, t\u00fcm g\u00fcvenlik \u00f6zelliklerini tek bir konsolda merkezile\u015ftirir. \u00c7al\u0131\u015fanlar\u0131n hi\u00e7bir zaman g\u00fcvenlik etkinliklerini g\u00fcncellemesi veya izlemesi gerekmez. Basit ve kapsaml\u0131 bir prosed\u00fcrle korumas\u0131z t\u00fcm bilgisayarlara uzaktan koruma y\u00fckleyerek zamandan tasarruf edin. GravityZone Business Security, \u015firket i\u00e7inde da\u011f\u0131t\u0131labilir veya bulutta Bitdefender taraf\u0131ndan bar\u0131nd\u0131r\u0131labilir.<\/p>\n<p><strong>U\u00e7 Nokta Risk Y\u00f6netimi ile Koruma<\/strong><\/p>\n<p>U\u00e7 nokta zay\u0131fl\u0131klar\u0131n\u0131n etkin bir \u015fekilde belirlenmesi, de\u011ferlendirilmesi ve d\u00fczeltilmesi, sa\u011fl\u0131kl\u0131 bir g\u00fcvenlik program\u0131 y\u00fcr\u00fctmek ve kurumsal riski azaltmak i\u00e7in \u00e7ok \u00f6nemlidir. GravityZone Business Security\u2019nin U\u00e7 Nokta Risk Y\u00f6netimi altyap\u0131s\u0131, riskli i\u015fletim sistemi ve yanl\u0131\u015f yap\u0131land\u0131rmalar\u0131 ke\u015ffederek ve bunlara \u00f6ncelik vererek, riskleri azalt\u0131r ve u\u00e7 nokta y\u00fczey alan\u0131n\u0131 sa\u011flamla\u015ft\u0131r\u0131r.<\/p>\n<p><strong>A\u011f Sald\u0131r\u0131s\u0131 Savunmas\u0131<\/strong><\/p>\n<p>A\u011f g\u00fcvenlik a\u00e7\u0131\u011f\u0131 sald\u0131r\u0131lar\u0131na kar\u015f\u0131 yeni bir koruma d\u00fczeyi elde edin. Kaba kuvvet sald\u0131r\u0131lar\u0131, parola h\u0131rs\u0131zl\u0131klar\u0131, a\u011f a\u00e7\u0131klar\u0131ndan yararlanma ve yanal hareketler gibi tehditleri daha y\u00fcr\u00fct\u00fclmeden \u00f6nce engelleyen a\u011f tabanl\u0131 g\u00fcvenlikle korumay\u0131 yeni alanlara geni\u015fletin.<\/p>\n<p><strong>Desteklenen \u0130\u015fletim Sistemleri<\/strong><\/p>\n<p>Windows 10 Kas\u0131m 2021 G\u00fcncellemesi (21H2) Windows 10 May\u0131s 2021 G\u00fcncellemesi (21H1) Windows 10 Ekim 2020 G\u00fcncellemesi (20H2), Windows 10 May\u0131s 2020 G\u00fcncellemesi (20H1), Windows 10 Kas\u0131m 2019 G\u00fcncellemesi (19H2), Windows 10 May\u0131s 2019 G\u00fcncellemesi (19H1), Windows 10 Ekim 2018 G\u00fcncellemesi (Redstone 5), Windows 10 Nisan 2018 G\u00fcncellemesi (Redstone 4), Windows 10 Fall Creators G\u00fcncellemesi (Redstone 3), Windows 10 Creators G\u00fcncellemesi (Redstone 2), Windows 10 Y\u0131ld\u00f6n\u00fcm\u00fc G\u00fcncellemesi (Redstone 1), Windows 10 Kas\u0131m G\u00fcncellemesi (E\u015fik 2), Windows 10 (RTM, s\u00fcr\u00fcm 1507), Windows 8.1, Windows 8, Windows 7<\/p>\n<p>Ubuntu 14.04 LTS veya \u00fczeri, Red Hat Enterprise Linux \/ CentOS 6.0 veya \u00fczeri, SUSE Linux Enterprise Server 11 SP4 veya \u00fczeri, OpenSUSE Leap 42.x, Fedora 25 veya \u00fczeri, Debian 8.0 veya \u00fczeri, Oracle Linux 6.3 veya \u00fczeri, Amazon Linux AMI 2016.09 veya \u00fcst\u00fc<\/p>\n<p>macOS Monterey (12.x) macOS Big Sur (11.x), macOS Catalina (10.15), macOS Mojave (10.14), macOS High Sierra (10.13), macOS Sierra (10.12)<\/p>\n<p>Windows 10 IoT Enterprise, Windows Embedded 8.1 Industry, Windows Embedded 8 Standard, Windows Embedded Standard 7, Windows Embedded Compact 7, Windows Embedded POSReady 7, Windows Embedded Enterprise 7<\/p>\n<p>Windows Server 2022 Windows Server 2019 Core Windows Server 2019, Windows Server 2019 Core, Windows Server 2016, Windows Server 2016 Core, Windows Server 2012 R2, Windows Server 2012, Windows Small Business Server (SBS) 2011, Windows Server 2008 R2<\/p>\n<p><strong>Donan\u0131m Gereksinimleri:\u00a0<\/strong>Minimum: 2,4 GHz tek \u00e7ekirdekli CPU \u00d6nerilen: 1,86 GHz veya daha h\u0131zl\u0131 Intel Xeon \u00e7ok \u00e7ekirdekli CPU; Bellek: Minimum RAM: 512 MB \u00d6nerilen RAM: 1 GB HDD alan\u0131: 1,5 GB bo\u015f sabit disk alan\u0131<\/p>\n<p><strong>GravityZone Kontrol Merkezi (On-Premise Konsol):\u00a0<\/strong>GravityZone Control Center, sanal bir cihaz olarak teslim edilir ve a\u015fa\u011f\u0131daki bi\u00e7imlerde sunulur: OVA (VMware vSphere, View ile uyumlu) XVA (Citrix XenServer, XenDesktop, Kutuda VDI ile uyumlu) VHD (Microsoft Hyper-V ile uyumlu) Di\u011fer formatlar ve sanalla\u015ft\u0131rma platformlar\u0131 i\u00e7in destek talep \u00fczerine sa\u011flanabilir.<\/p>\n","protected":false},"excerpt":{"rendered":"<p>Bitdefender GravityZone Business Security En \u0130yi Koruma \u2013 En \u0130yi Performans GravityZone, ba\u011f\u0131ms\u0131z g\u00fcvenlik testlerinde s\u00fcrekli olarak 1. s\u0131rada yer al\u0131r ve her b\u00fcy\u00fckl\u00fckteki \u015firket i\u00e7in g\u00fcvenilir g\u00fcvenlik sa\u011flar. Hepsi Bir Arada, Basit G\u00fcvenlik:\u00a0Gerekli minimum teknik becerilerle merkezi y\u00f6netim kolay da\u011f\u0131t\u0131m sa\u011flarken y\u00fcksek performans ve koruma sa\u011flayan, kaynaklar\u0131 verimli kullanan g\u00fcvenlik \u00e7\u00f6z\u00fcm\u00fc. \u0130\u015fletmenizin siber g\u00fcvenlik [&hellip;]<\/p>\n","protected":false},"featured_media":7947,"comment_status":"open","ping_status":"closed","template":"","meta":[],"product_brand":[],"product_cat":[71],"product_tag":[],"class_list":{"0":"post-417","1":"product","2":"type-product","3":"status-publish","4":"has-post-thumbnail","6":"product_cat-kurumsal-antivirus","8":"first","9":"instock","10":"sale","11":"taxable","12":"shipping-taxable","13":"purchasable","14":"product-type-variable","15":"has-default-attributes"},"_links":{"self":[{"href":"https:\/\/bitdefender.com.tr\/store\/wp-json\/wp\/v2\/product\/417","targetHints":{"allow":["GET"]}}],"collection":[{"href":"https:\/\/bitdefender.com.tr\/store\/wp-json\/wp\/v2\/product"}],"about":[{"href":"https:\/\/bitdefender.com.tr\/store\/wp-json\/wp\/v2\/types\/product"}],"replies":[{"embeddable":true,"href":"https:\/\/bitdefender.com.tr\/store\/wp-json\/wp\/v2\/comments?post=417"}],"wp:featuredmedia":[{"embeddable":true,"href":"https:\/\/bitdefender.com.tr\/store\/wp-json\/wp\/v2\/media\/7947"}],"wp:attachment":[{"href":"https:\/\/bitdefender.com.tr\/store\/wp-json\/wp\/v2\/media?parent=417"}],"wp:term":[{"taxonomy":"product_brand","embeddable":true,"href":"https:\/\/bitdefender.com.tr\/store\/wp-json\/wp\/v2\/product_brand?post=417"},{"taxonomy":"product_cat","embeddable":true,"href":"https:\/\/bitdefender.com.tr\/store\/wp-json\/wp\/v2\/product_cat?post=417"},{"taxonomy":"product_tag","embeddable":true,"href":"https:\/\/bitdefender.com.tr\/store\/wp-json\/wp\/v2\/product_tag?post=417"}],"curies":[{"name":"wp","href":"https:\/\/api.w.org\/{rel}","templated":true}]}}