{"id":416,"date":"2023-09-29T18:26:47","date_gmt":"2023-09-29T15:26:47","guid":{"rendered":"https:\/\/bitdefender.com.tr\/store\/?post_type=product&#038;p=416"},"modified":"2026-01-23T14:57:36","modified_gmt":"2026-01-23T11:57:36","slug":"bitdefender-antivirus-plus","status":"publish","type":"product","link":"https:\/\/bitdefender.com.tr\/store\/product\/bitdefender-antivirus-plus\/","title":{"rendered":"Bitdefender Antivirus Plus"},"content":{"rendered":"<p><strong>Bitdefender ANT\u0130V\u0130R\u00dcS PLUS<\/strong><\/p>\n<p><strong>Windows PC&#8217;ler i\u00e7in en iyi antivir\u00fcs korumas\u0131<\/strong><\/p>\n<ul style=\"text-align: start; color: #000000; background-color: #ffffff; font-size: 13px;\">\n<li style=\"color: #666666; font-size: 14px;\">Windows PC&#8217;ler i\u00e7in t\u00fcm vir\u00fcslere ve fidye yaz\u0131l\u0131mlar\u0131na kar\u015f\u0131 temel ger\u00e7ek zamanl\u0131 koruma<\/li>\n<li style=\"color: #666666; font-size: 14px;\">Siz al\u0131\u015fveri\u015f yaparken ve gezinirken kimlik av\u0131 ve \u00e7evrimi\u00e7i doland\u0131r\u0131c\u0131l\u0131\u011f\u0131 \u00f6nler<\/li>\n<li style=\"color: #666666; font-size: 14px;\">Tam \u00e7evrimi\u00e7i gizlilik i\u00e7in g\u00fcvenli VPN, 200MB\/g\u00fcn\/cihaz GEL\u0130\u015eT\u0130R\u0130LM\u0130\u015e<\/li>\n<\/ul>\n<p><strong>Bitdefender ANT\u0130V\u0130R\u00dcS PLUS Sistem Gereksinimleri<\/strong><\/p>\n<p>\u0130\u015fletim Sistemi: Service Pack 1 ile Windows 7, Windows 8.1, Windows 10 ve Windows 11; Bellek (RAM): 2 GB, Kullan\u0131labilir bo\u015f sabit disk alan\u0131: 2.5 GB bo\u015f alan *Eski nesil CPU&#8217;lara sahip cihazlarda sistem performans\u0131 etkilenebilir. Yaz\u0131l\u0131m Greksinimleri: Internet Explorer 11 s\u00fcr\u00fcm\u00fc<\/p>\n","protected":false},"excerpt":{"rendered":"<p>Bitdefender ANT\u0130V\u0130R\u00dcS PLUS Windows PC&#8217;ler i\u00e7in en iyi antivir\u00fcs korumas\u0131 Windows PC&#8217;ler i\u00e7in t\u00fcm vir\u00fcslere ve fidye yaz\u0131l\u0131mlar\u0131na kar\u015f\u0131 temel ger\u00e7ek zamanl\u0131 koruma Siz al\u0131\u015fveri\u015f yaparken ve gezinirken kimlik av\u0131 ve \u00e7evrimi\u00e7i doland\u0131r\u0131c\u0131l\u0131\u011f\u0131 \u00f6nler Tam \u00e7evrimi\u00e7i gizlilik i\u00e7in g\u00fcvenli VPN, 200MB\/g\u00fcn\/cihaz GEL\u0130\u015eT\u0130R\u0130LM\u0130\u015e Bitdefender ANT\u0130V\u0130R\u00dcS PLUS Sistem Gereksinimleri \u0130\u015fletim Sistemi: Service Pack 1 ile Windows 7, [&hellip;]<\/p>\n","protected":false},"featured_media":216,"comment_status":"open","ping_status":"closed","template":"","meta":[],"product_brand":[],"product_cat":[70],"product_tag":[],"class_list":{"0":"post-416","1":"product","2":"type-product","3":"status-publish","4":"has-post-thumbnail","6":"product_cat-bireysel-antivirus","8":"first","9":"instock","10":"sale","11":"taxable","12":"shipping-taxable","13":"purchasable","14":"product-type-variable","15":"has-default-attributes"},"_links":{"self":[{"href":"https:\/\/bitdefender.com.tr\/store\/wp-json\/wp\/v2\/product\/416","targetHints":{"allow":["GET"]}}],"collection":[{"href":"https:\/\/bitdefender.com.tr\/store\/wp-json\/wp\/v2\/product"}],"about":[{"href":"https:\/\/bitdefender.com.tr\/store\/wp-json\/wp\/v2\/types\/product"}],"replies":[{"embeddable":true,"href":"https:\/\/bitdefender.com.tr\/store\/wp-json\/wp\/v2\/comments?post=416"}],"wp:featuredmedia":[{"embeddable":true,"href":"https:\/\/bitdefender.com.tr\/store\/wp-json\/wp\/v2\/media\/216"}],"wp:attachment":[{"href":"https:\/\/bitdefender.com.tr\/store\/wp-json\/wp\/v2\/media?parent=416"}],"wp:term":[{"taxonomy":"product_brand","embeddable":true,"href":"https:\/\/bitdefender.com.tr\/store\/wp-json\/wp\/v2\/product_brand?post=416"},{"taxonomy":"product_cat","embeddable":true,"href":"https:\/\/bitdefender.com.tr\/store\/wp-json\/wp\/v2\/product_cat?post=416"},{"taxonomy":"product_tag","embeddable":true,"href":"https:\/\/bitdefender.com.tr\/store\/wp-json\/wp\/v2\/product_tag?post=416"}],"curies":[{"name":"wp","href":"https:\/\/api.w.org\/{rel}","templated":true}]}}