{"id":415,"date":"2023-09-29T18:26:47","date_gmt":"2023-09-29T15:26:47","guid":{"rendered":"https:\/\/bitdefender.com.tr\/store\/?post_type=product&#038;p=415"},"modified":"2026-01-23T14:57:36","modified_gmt":"2026-01-23T11:57:36","slug":"bitdefender-antivirus-for-mac","status":"publish","type":"product","link":"https:\/\/bitdefender.com.tr\/store\/product\/bitdefender-antivirus-for-mac\/","title":{"rendered":"Bitdefender Antivirus for Mac"},"content":{"rendered":"<p><strong>Bitdefender ANT\u0130V\u0130R\u00dcS FOR MAC\u00a0<\/strong><\/p>\n<p><strong>Mac\u2019iniz i\u00e7in en iyi g\u00fcvenlik<\/strong><\/p>\n<ul style=\"text-align: start; color: #000000; background-color: #ffffff; font-size: 13px;\">\n<li style=\"color: #666666; font-size: 14px;\">Vir\u00fcslere ve fidye yaz\u0131l\u0131mlar\u0131na kar\u015f\u0131 ger\u00e7ek zamanl\u0131 koruma<\/li>\n<li style=\"color: #666666; font-size: 14px;\">Reklam yaz\u0131l\u0131m\u0131 engelleme ve kald\u0131rma<\/li>\n<li style=\"color: #666666; font-size: 14px;\">H\u0131zl\u0131, anonim ve g\u00fcvenli bir \u00e7evrimi\u00e7i deneyim i\u00e7in VPN dahildir &#8211; 200 MB\/g\u00fcn\/cihaz<\/li>\n<li style=\"color: #666666; font-size: 14px;\">\u00c7evrimi\u00e7i al\u0131\u015fveri\u015f ve bankac\u0131l\u0131k da dahil olmak \u00fczere t\u00fcm gezintileriniz i\u00e7in koruma<\/li>\n<li style=\"color: #666666; font-size: 14px;\">Fidye yaz\u0131l\u0131m\u0131 sald\u0131r\u0131s\u0131 durumunda yedeklenmi\u015f dosyalar\u0131n\u0131z i\u00e7in Zaman Makinesi Korumas\u0131<\/li>\n<li style=\"color: #666666; font-size: 14px;\">H\u0131z ve performans \u00fczerinde hi\u00e7bir etkisi olmadan size mutlak koruma sa\u011flar.<\/li>\n<li style=\"color: #666666; font-size: 14px;\">Vir\u00fcsleri \u00f6nlemek i\u00e7in davran\u0131\u015fsal tehdit tespit \u00f6zelli\u011fini kullan\u0131r ve en \u00f6nemli belgelerinizi fidye yaz\u0131l\u0131m\u0131 \u015fifrelemesinden korur.<\/li>\n<li style=\"color: #666666; font-size: 14px;\">Fidye Yaz\u0131l\u0131m\u0131na (Kar\u015f\u0131) \u0130yile\u015ftirme \u00f6zelli\u011fi; her t\u00fcrl\u00fc fidye yaz\u0131l\u0131m\u0131 sald\u0131r\u0131s\u0131na kar\u015f\u0131 belgeler, resimler, videolar ve m\u00fczik gibi verileri koruyan bir d\u00fczeltme katman\u0131 olarak i\u015flev g\u00f6r\u00fcr.<\/li>\n<li style=\"color: #666666; font-size: 14px;\">Botnet sald\u0131r\u0131lar\u0131n\u0131n cihaz\u0131n\u0131z\u0131n g\u00fcvenli\u011fini tehlikeye atmas\u0131n\u0131 engeller ve hassas bilgilerin \u015fifrelenmemi\u015f formlarda g\u00f6nderilmesini \u00f6nler.<\/li>\n<\/ul>\n<p><strong>Bitdefender ANT\u0130V\u0130R\u00dcS FOR MAC Sistem Gereksinimleri<\/strong><\/p>\n<p>\u0130\u015fletim Sistemi: macOS X Yosemite (10.10) veya \u00fcst\u00fc, Kullan\u0131labilir bo\u015f sabit disk alan\u0131: 1 GB bo\u015f alan, Desteklenen Taray\u0131c\u0131lar: Safari, Firefox, Google Chrome *Bitdefender VPN&#8217;i yaln\u0131zca macOS Sierra y\u00fckl\u00fc cihazlara y\u00fckleyebilirsiniz (10.12 veya \u00fcst\u00fc)<\/p>\n","protected":false},"excerpt":{"rendered":"<p>Bitdefender ANT\u0130V\u0130R\u00dcS FOR MAC\u00a0 Mac\u2019iniz i\u00e7in en iyi g\u00fcvenlik Vir\u00fcslere ve fidye yaz\u0131l\u0131mlar\u0131na kar\u015f\u0131 ger\u00e7ek zamanl\u0131 koruma Reklam yaz\u0131l\u0131m\u0131 engelleme ve kald\u0131rma H\u0131zl\u0131, anonim ve g\u00fcvenli bir \u00e7evrimi\u00e7i deneyim i\u00e7in VPN dahildir &#8211; 200 MB\/g\u00fcn\/cihaz \u00c7evrimi\u00e7i al\u0131\u015fveri\u015f ve bankac\u0131l\u0131k da dahil olmak \u00fczere t\u00fcm gezintileriniz i\u00e7in koruma Fidye yaz\u0131l\u0131m\u0131 sald\u0131r\u0131s\u0131 durumunda yedeklenmi\u015f dosyalar\u0131n\u0131z i\u00e7in Zaman [&hellip;]<\/p>\n","protected":false},"featured_media":218,"comment_status":"open","ping_status":"closed","template":"","meta":[],"product_brand":[],"product_cat":[70],"product_tag":[],"class_list":{"0":"post-415","1":"product","2":"type-product","3":"status-publish","4":"has-post-thumbnail","6":"product_cat-bireysel-antivirus","8":"first","9":"instock","10":"sale","11":"taxable","12":"shipping-taxable","13":"purchasable","14":"product-type-variable","15":"has-default-attributes"},"_links":{"self":[{"href":"https:\/\/bitdefender.com.tr\/store\/wp-json\/wp\/v2\/product\/415","targetHints":{"allow":["GET"]}}],"collection":[{"href":"https:\/\/bitdefender.com.tr\/store\/wp-json\/wp\/v2\/product"}],"about":[{"href":"https:\/\/bitdefender.com.tr\/store\/wp-json\/wp\/v2\/types\/product"}],"replies":[{"embeddable":true,"href":"https:\/\/bitdefender.com.tr\/store\/wp-json\/wp\/v2\/comments?post=415"}],"wp:featuredmedia":[{"embeddable":true,"href":"https:\/\/bitdefender.com.tr\/store\/wp-json\/wp\/v2\/media\/218"}],"wp:attachment":[{"href":"https:\/\/bitdefender.com.tr\/store\/wp-json\/wp\/v2\/media?parent=415"}],"wp:term":[{"taxonomy":"product_brand","embeddable":true,"href":"https:\/\/bitdefender.com.tr\/store\/wp-json\/wp\/v2\/product_brand?post=415"},{"taxonomy":"product_cat","embeddable":true,"href":"https:\/\/bitdefender.com.tr\/store\/wp-json\/wp\/v2\/product_cat?post=415"},{"taxonomy":"product_tag","embeddable":true,"href":"https:\/\/bitdefender.com.tr\/store\/wp-json\/wp\/v2\/product_tag?post=415"}],"curies":[{"name":"wp","href":"https:\/\/api.w.org\/{rel}","templated":true}]}}